{"id":22,"date":"2026-01-04T21:36:45","date_gmt":"2026-01-04T21:36:45","guid":{"rendered":"https:\/\/www.ha-ejendomme.dk\/?page_id=22"},"modified":"2026-01-04T21:36:45","modified_gmt":"2026-01-04T21:36:45","slug":"sommerhuse","status":"publish","type":"page","link":"https:\/\/www.ha-ejendomme.dk\/?page_id=22","title":{"rendered":"Sommerhuse"},"content":{"rendered":"\n<p>Vi har flere sommerhuse, som er beliggende i Bl\u00e5vand og Jegum Ferieland.<br><br>Husene har f\u00f8lgende f\u00e6llesn\u00e6vner:<br>. fra 174 til 184 m2<br>. indend\u00f8rs pool<br>. sauna<br>. spa<br>. 4 og 5 sov\u00e6relser<br>: 10-12 personer<br>: sandkasse, trampolin, rutchebane, leget\u00e5rn, gynge og fodboldm\u00e5l m.m.<\/p>\n\n\n\n<p>Vores huse udlejes udelukkende gennem <a href=\"http:\/\/www.sologstrand.dk\">Sol og Strand<\/a><\/p>\n","protected":false},"excerpt":{"rendered":"<p>Vi har flere sommerhuse, som er beliggende i Bl\u00e5vand og Jegum Ferieland. Husene har f\u00f8lgende f\u00e6llesn\u00e6vner:. fra 174 til 184 m2. indend\u00f8rs pool. sauna. spa. 4 og 5 sov\u00e6relser: 10-12 personer: sandkasse, trampolin, rutchebane, leget\u00e5rn, gynge og fodboldm\u00e5l m.m. Vores &hellip; <a href=\"https:\/\/www.ha-ejendomme.dk\/?page_id=22\">L\u00e6s resten <span class=\"meta-nav\">&rarr;<\/span><\/a><\/p>\n","protected":false},"author":1,"featured_media":0,"parent":0,"menu_order":0,"comment_status":"closed","ping_status":"closed","template":"","meta":{"footnotes":""},"class_list":["post-22","page","type-page","status-publish","hentry"],"_links":{"self":[{"href":"https:\/\/www.ha-ejendomme.dk\/index.php?rest_route=\/wp\/v2\/pages\/22","targetHints":{"allow":["GET"]}}],"collection":[{"href":"https:\/\/www.ha-ejendomme.dk\/index.php?rest_route=\/wp\/v2\/pages"}],"about":[{"href":"https:\/\/www.ha-ejendomme.dk\/index.php?rest_route=\/wp\/v2\/types\/page"}],"author":[{"embeddable":true,"href":"https:\/\/www.ha-ejendomme.dk\/index.php?rest_route=\/wp\/v2\/users\/1"}],"replies":[{"embeddable":true,"href":"https:\/\/www.ha-ejendomme.dk\/index.php?rest_route=%2Fwp%2Fv2%2Fcomments&post=22"}],"version-history":[{"count":1,"href":"https:\/\/www.ha-ejendomme.dk\/index.php?rest_route=\/wp\/v2\/pages\/22\/revisions"}],"predecessor-version":[{"id":23,"href":"https:\/\/www.ha-ejendomme.dk\/index.php?rest_route=\/wp\/v2\/pages\/22\/revisions\/23"}],"wp:attachment":[{"href":"https:\/\/www.ha-ejendomme.dk\/index.php?rest_route=%2Fwp%2Fv2%2Fmedia&parent=22"}],"curies":[{"name":"wp","href":"https:\/\/api.w.org\/{rel}","templated":true}]}}