{"id":18,"date":"2026-01-04T21:35:13","date_gmt":"2026-01-04T21:35:13","guid":{"rendered":"https:\/\/www.ha-ejendomme.dk\/?page_id=18"},"modified":"2026-01-04T21:35:13","modified_gmt":"2026-01-04T21:35:13","slug":"erhvervslejemaal","status":"publish","type":"page","link":"https:\/\/www.ha-ejendomme.dk\/?page_id=18","title":{"rendered":"Erhvervslejem\u00e5l"},"content":{"rendered":"\n<p>Attraktivt erhvervslejem\u00e5l p\u00e5 Jyllandsgade 46 udbydes til leje.<br><br> Velegnet til mange form\u00e5l \u2013 eksempelvis:<br>. kontor <br>. klinik <br>. forretning og meget mere<br><br>St\u00f8rrelse: 141 m2<br>M\u00e5nedlig leje: Efter aftale &#8211; Mulighed for momsfritagelse.<br>Kontakt-nummer: 60 85 67 00<\/p>\n\n\n\n<p><\/p>\n","protected":false},"excerpt":{"rendered":"<p>Attraktivt erhvervslejem\u00e5l p\u00e5 Jyllandsgade 46 udbydes til leje. Velegnet til mange form\u00e5l \u2013 eksempelvis:. kontor . klinik . forretning og meget mere St\u00f8rrelse: 141 m2M\u00e5nedlig leje: Efter aftale &#8211; Mulighed for momsfritagelse.Kontakt-nummer: 60 85 67 00<\/p>\n","protected":false},"author":1,"featured_media":0,"parent":0,"menu_order":0,"comment_status":"closed","ping_status":"closed","template":"","meta":{"footnotes":""},"class_list":["post-18","page","type-page","status-publish","hentry"],"_links":{"self":[{"href":"https:\/\/www.ha-ejendomme.dk\/index.php?rest_route=\/wp\/v2\/pages\/18","targetHints":{"allow":["GET"]}}],"collection":[{"href":"https:\/\/www.ha-ejendomme.dk\/index.php?rest_route=\/wp\/v2\/pages"}],"about":[{"href":"https:\/\/www.ha-ejendomme.dk\/index.php?rest_route=\/wp\/v2\/types\/page"}],"author":[{"embeddable":true,"href":"https:\/\/www.ha-ejendomme.dk\/index.php?rest_route=\/wp\/v2\/users\/1"}],"replies":[{"embeddable":true,"href":"https:\/\/www.ha-ejendomme.dk\/index.php?rest_route=%2Fwp%2Fv2%2Fcomments&post=18"}],"version-history":[{"count":1,"href":"https:\/\/www.ha-ejendomme.dk\/index.php?rest_route=\/wp\/v2\/pages\/18\/revisions"}],"predecessor-version":[{"id":19,"href":"https:\/\/www.ha-ejendomme.dk\/index.php?rest_route=\/wp\/v2\/pages\/18\/revisions\/19"}],"wp:attachment":[{"href":"https:\/\/www.ha-ejendomme.dk\/index.php?rest_route=%2Fwp%2Fv2%2Fmedia&parent=18"}],"curies":[{"name":"wp","href":"https:\/\/api.w.org\/{rel}","templated":true}]}}